{"id":3877,"date":"2024-10-21T20:43:51","date_gmt":"2024-10-22T02:43:51","guid":{"rendered":"http:\/\/outletoptica.com\/?page_id=3877"},"modified":"2024-11-12T12:42:50","modified_gmt":"2024-11-12T18:42:50","slug":"todos-los-lentes","status":"publish","type":"page","link":"http:\/\/outletoptica.com\/es\/todos-los-lentes\/","title":{"rendered":"Todos Los Lentes"},"content":{"rendered":"\n<div class=\"wp-block-uagb-container uag-hide-tab uag-hide-mob uagb-block-a7f79236 alignfull uagb-is-root-container\"><div class=\"uagb-container-inner-blocks-wrap\">\n<div class=\"wp-block-uagb-container uagb-block-74cac4ad\">\n<div class=\"wp-block-columns is-layout-flex wp-container-core-columns-is-layout-28f84493 wp-block-columns-is-layout-flex\">\n<div class=\"wp-block-column is-layout-flow wp-block-column-is-layout-flow\" style=\"flex-basis:100%\">\n<p class=\"has-text-align-right has-ast-global-color-5-color has-text-color has-link-color has-medium-font-size wp-elements-6125cab758503c088992eb04c5115029\"><strong>\u2022 100+ Marcas de Dise\u00f1ador<br>\u2022 Directamente del Fabricante<br>\u2022 Autenticidad Garantizada<\/strong><\/p>\n\n\n\n<h3 class=\"wp-block-heading has-text-align-right has-ast-global-color-0-color has-black-background-color has-text-color has-background has-link-color wp-elements-b9796d7c6587a03789486904e3b372da\" style=\"font-size:28px\">Explora nuestra amplia selecci\u00f3n de lentes al por mayor y lleva el \u00e9xito de tu tienda al siguiente nivel.<\/h3>\n<\/div>\n<\/div>\n<\/div>\n<\/div><\/div>\n\n\n\n<div class=\"wp-block-uagb-container uag-hide-desktop uagb-block-d09fbc39 alignfull uagb-is-root-container\">\n<div class=\"wp-block-uagb-container uagb-block-0fd579f6\">\n<div class=\"wp-block-uagb-image uagb-block-c55782a5 wp-block-uagb-image--layout-default wp-block-uagb-image--effect-static wp-block-uagb-image--align-none\"><figure class=\"wp-block-uagb-image__figure\"><img decoding=\"async\" srcset=\"http:\/\/outletoptica.com\/wp-content\/uploads\/2024\/10\/freepik-export-20241011153106DM1x-1024x410.png ,http:\/\/outletoptica.com\/wp-content\/uploads\/2024\/10\/freepik-export-20241011153106DM1x.png 780w, http:\/\/outletoptica.com\/wp-content\/uploads\/2024\/10\/freepik-export-20241011153106DM1x.png 360w\" sizes=\"auto, (max-width: 480px) 150px\" src=\"http:\/\/outletoptica.com\/wp-content\/uploads\/2024\/10\/freepik-export-20241011153106DM1x-1024x410.png\" alt=\"\" class=\"uag-image-3554\" width=\"773\" height=\"310\" title=\"freepik-export-20241011153106DM1x\" loading=\"lazy\" role=\"img\"\/><\/figure><\/div>\n<\/div>\n\n\n\n<div class=\"wp-block-columns is-layout-flex wp-container-core-columns-is-layout-28f84493 wp-block-columns-is-layout-flex\">\n<div class=\"wp-block-column is-layout-flow wp-block-column-is-layout-flow\" style=\"flex-basis:100%\">\n<div class=\"wp-block-columns is-layout-flex wp-container-core-columns-is-layout-28f84493 wp-block-columns-is-layout-flex\">\n<div class=\"wp-block-column is-layout-flow wp-block-column-is-layout-flow\" style=\"flex-basis:100%\">\n<div class=\"wp-block-columns is-layout-flex wp-container-core-columns-is-layout-28f84493 wp-block-columns-is-layout-flex\">\n<div class=\"wp-block-column is-layout-flow wp-block-column-is-layout-flow\" style=\"flex-basis:100%\">\n<h6 class=\"wp-block-heading\"><strong>\u2022 100+ Marcas de Dise\u00f1ador<br>\u2022 Directamente del Fabricante<br>\u2022 Autenticidad Garantizada<\/strong><\/h6>\n\n\n\n<h3 class=\"wp-block-heading alignwide has-text-align-right has-ast-global-color-0-color has-black-background-color has-text-color has-background has-link-color wp-elements-6a9ebdbceb628180bc60c613df9a8df6\" style=\"font-size:18px\">Explora nuestra amplia selecci\u00f3n de lentes al por mayor y lleva el \u00e9xito de tu tienda al siguiente nivel.<\/h3>\n<\/div>\n<\/div>\n<\/div>\n<\/div>\n<\/div>\n<\/div>\n<\/div>\n\n\n\n<div class=\"wp-block-uagb-container uagb-block-vu8fjgaf alignfull uagb-is-root-container\">\n<div class=\"wp-block-uagb-info-box uagb-block-gsjj759a uagb-infobox__content-wrap  uagb-infobox-icon-above-title uagb-infobox-image-valign-top wp-block-uagb-info-box--has-margin\"><div class=\"uagb-infobox-margin-wrapper\"><div class=\"uagb-ifb-content\"><div class=\"uagb-ifb-title-wrap\"><h6 class=\"uagb-ifb-title-prefix\">Lentes al por mayor, ganancias abundantes. Hazte nuestro socio hoy para empezar a ahorrar en lentes de sol de dise\u00f1ador al por mayor.<br><\/h6><h2 class=\"uagb-ifb-title\">Maximiza tus m\u00e1rgenes con las compras<br>al por mayor de lentes de OutletOptica<\/h2><\/div><\/div><\/div><\/div>\n\n\n\n<div class=\"wp-block-uagb-buttons uagb-buttons__outer-wrap uagb-btn__default-btn uagb-btn-tablet__default-btn uagb-btn-mobile__default-btn uagb-block-ne2satl0\"><div class=\"uagb-buttons__wrap uagb-buttons-layout-wrap \">\n<div class=\"wp-block-uagb-buttons-child uagb-buttons__outer-wrap uagb-block-ahwighy2 wp-block-button\"><div class=\"uagb-button__wrapper\"><a class=\"uagb-buttons-repeater ast-outline-button\" aria-label=\"\" style=\"border-width:revert-layer\" href=\"https:\/\/app.outletoptica.com\/\" rel=\"follow noopener\" target=\"_self\" role=\"button\"><div class=\"uagb-button__link\">Hazte socio<\/div><\/a><\/div><\/div>\n<\/div><\/div>\n<\/div>\n\n\n\n<p><\/p>\n\n\n\n<div class=\"wp-block-uagb-container uag-hide-tab uag-hide-mob uagb-block-sh2vfb24 alignfull uagb-is-root-container\"><div class=\"uagb-container-inner-blocks-wrap\">\n<div class=\"wp-block-uagb-info-box uagb-block-votu2jsc uagb-infobox__content-wrap  uagb-infobox-icon-above-title uagb-infobox-image-valign-top\"><div class=\"uagb-ifb-content\"><div class=\"uagb-ifb-title-wrap\"><h2 class=\"uagb-ifb-title\">Beneficio en cada par: tus proveedores de lentes al por mayor<\/h2><\/div><\/div><\/div>\n\n\n\n<div class=\"wp-block-uagb-container uagb-block-jwz3lsgt\">\n<div class=\"wp-block-uagb-container uagb-block-pqqtuk6n\">\n<div class=\"wp-block-uagb-image alignleft uagb-block-6gtb2roy wp-block-uagb-image--layout-default wp-block-uagb-image--effect-static wp-block-uagb-image--align-left\"><figure class=\"wp-block-uagb-image__figure\"><img decoding=\"async\" srcset=\"http:\/\/outletoptica.com\/wp-content\/uploads\/2024\/10\/freepik-export-20241021070130pYku-1024x512.png ,http:\/\/outletoptica.com\/wp-content\/uploads\/2024\/10\/freepik-export-20241021070130pYku.png 780w, http:\/\/outletoptica.com\/wp-content\/uploads\/2024\/10\/freepik-export-20241021070130pYku.png 360w\" sizes=\"auto, (max-width: 480px) 150px\" src=\"http:\/\/outletoptica.com\/wp-content\/uploads\/2024\/10\/freepik-export-20241021070130pYku-1024x512.png\" alt=\"\" class=\"uag-image-3860\" width=\"600\" height=\"450\" title=\"freepik-export-20241021070130pYku\" loading=\"lazy\" role=\"img\"\/><\/figure><\/div>\n<\/div>\n\n\n\n<div class=\"wp-block-uagb-container uagb-block-dlpflx1d\">\n<div class=\"wp-block-uagb-info-box uagb-block-tyuxfq5t uagb-infobox__content-wrap  uagb-infobox-icon-above-title uagb-infobox-image-valign-top\"><div class=\"uagb-ifb-content\"><div class=\"uagb-ifb-title-wrap\"><h3 class=\"uagb-ifb-title\">Explora nuestra extensa colecci\u00f3n de lentes de dise\u00f1ador al por mayor<\/h3><\/div><p class=\"uagb-ifb-desc\">Ofrecemos las marcas de dise\u00f1ador que tus clientes buscan, a precios que no encontrar\u00e1s en otro lugar. En OutletOptical, garantizamos calidad sin compromisos, ayud\u00e1ndote a mantener tu inventario siempre al d\u00eda sin afectar tu rentabilidad. Nuestro objetivo es que abastecer tu tienda sea f\u00e1cil, asequible y exitoso, con las marcas m\u00e1s populares del mercado.<\/p><\/div><\/div>\n<\/div>\n\n\n\n<div class=\"wp-block-uagb-container uagb-block-0m1j4sct\">\n<div class=\"wp-block-uagb-info-box uagb-block-wvn0qhps uagb-infobox__content-wrap  uagb-infobox-icon-above-title uagb-infobox-image-valign-top\"><div class=\"uagb-ifb-content\"><div class=\"uagb-ifb-title-wrap\"><h3 class=\"uagb-ifb-title\">Calidad Premium a Precios Mayoristas<\/h3><\/div><p class=\"uagb-ifb-desc\">En OutletOptical, trabajamos directamente con las marcas de dise\u00f1ador m\u00e1s reconocidas para ofrecerte productos de alta calidad a precios mayoristas. Abastece tu tienda con lo mejor sin comprometer tu margen de ganancia.<\/p><\/div><\/div>\n<\/div>\n\n\n\n<div class=\"wp-block-uagb-container uagb-block-dzdnb3vv\">\n<div class=\"wp-block-uagb-image alignleft uagb-block-dwvrng54 wp-block-uagb-image--layout-default wp-block-uagb-image--effect-static wp-block-uagb-image--align-left\"><figure class=\"wp-block-uagb-image__figure\"><img decoding=\"async\" srcset=\"http:\/\/outletoptica.com\/wp-content\/uploads\/2024\/10\/imagen_2024-10-21_211433367.png ,http:\/\/outletoptica.com\/wp-content\/uploads\/2024\/10\/imagen_2024-10-21_211433367.png 780w, http:\/\/outletoptica.com\/wp-content\/uploads\/2024\/10\/imagen_2024-10-21_211433367.png 360w\" sizes=\"auto, (max-width: 480px) 150px\" src=\"http:\/\/outletoptica.com\/wp-content\/uploads\/2024\/10\/imagen_2024-10-21_211433367.png\" alt=\"\" class=\"uag-image-3895\" width=\"600\" height=\"450\" title=\"imagen_2024-10-21_211433367\" loading=\"lazy\" role=\"img\"\/><\/figure><\/div>\n<\/div>\n\n\n\n<div class=\"wp-block-uagb-container uagb-block-6ijq7wtq\">\n<div class=\"wp-block-uagb-image alignleft uagb-block-vzuhn0is wp-block-uagb-image--layout-default wp-block-uagb-image--effect-static wp-block-uagb-image--align-left\"><figure class=\"wp-block-uagb-image__figure\"><img decoding=\"async\" srcset=\"http:\/\/outletoptica.com\/wp-content\/uploads\/2024\/10\/imagen_2024-10-21_211329330.png ,http:\/\/outletoptica.com\/wp-content\/uploads\/2024\/10\/imagen_2024-10-21_211329330.png 780w, http:\/\/outletoptica.com\/wp-content\/uploads\/2024\/10\/imagen_2024-10-21_211329330.png 360w\" sizes=\"auto, (max-width: 480px) 150px\" src=\"http:\/\/outletoptica.com\/wp-content\/uploads\/2024\/10\/imagen_2024-10-21_211329330.png\" alt=\"\" class=\"uag-image-3893\" width=\"600\" height=\"450\" title=\"imagen_2024-10-21_211329330\" loading=\"lazy\" role=\"img\"\/><\/figure><\/div>\n<\/div>\n\n\n\n<div class=\"wp-block-uagb-container uagb-block-7qzz7n5f\">\n<div class=\"wp-block-uagb-info-box uagb-block-5zi42ntz uagb-infobox__content-wrap  uagb-infobox-icon-above-title uagb-infobox-image-valign-top\"><div class=\"uagb-ifb-content\"><div class=\"uagb-ifb-title-wrap\"><h3 class=\"uagb-ifb-title\">Detalles que Marcan la Diferencia<\/h3><\/div><p class=\"uagb-ifb-desc\">Desde las monturas hasta las lentes, cada aspecto de nuestros productos refleja la precisi\u00f3n y el cuidado con los que han sido elaborados. Con acabados impecables y ajustes perfectos, ofrecemos lentes que combinan funcionalidad con est\u00e9tica.<\/p><\/div><\/div>\n<\/div>\n<\/div>\n<\/div><\/div>\n\n\n\n<div class=\"wp-block-uagb-container uag-hide-desktop uagb-block-a230292e alignfull uagb-is-root-container\"><div class=\"uagb-container-inner-blocks-wrap\">\n<div class=\"wp-block-uagb-info-box uagb-block-34725bfc uagb-infobox__content-wrap  uagb-infobox-icon-above-title uagb-infobox-image-valign-top\"><div class=\"uagb-ifb-content\"><div class=\"uagb-ifb-title-wrap\"><h2 class=\"uagb-ifb-title\">Beneficio en cada par: tus proveedores de lentes al por mayor<\/h2><\/div><\/div><\/div>\n\n\n\n<div class=\"wp-block-uagb-container uagb-block-14f4951c\">\n<div class=\"wp-block-uagb-container uagb-block-fb35e9e7\">\n<div class=\"wp-block-uagb-image alignleft uagb-block-c8aeb287 wp-block-uagb-image--layout-default wp-block-uagb-image--effect-static wp-block-uagb-image--align-left\"><figure class=\"wp-block-uagb-image__figure\"><img decoding=\"async\" srcset=\"http:\/\/outletoptica.com\/wp-content\/uploads\/2024\/10\/freepik-export-20241021070130pYku-1024x512.png ,http:\/\/outletoptica.com\/wp-content\/uploads\/2024\/10\/freepik-export-20241021070130pYku.png 780w, http:\/\/outletoptica.com\/wp-content\/uploads\/2024\/10\/freepik-export-20241021070130pYku.png 360w\" sizes=\"auto, (max-width: 480px) 150px\" src=\"http:\/\/outletoptica.com\/wp-content\/uploads\/2024\/10\/freepik-export-20241021070130pYku-1024x512.png\" alt=\"\" class=\"uag-image-3860\" width=\"600\" height=\"450\" title=\"freepik-export-20241021070130pYku\" loading=\"lazy\" role=\"img\"\/><\/figure><\/div>\n<\/div>\n\n\n\n<div class=\"wp-block-uagb-container uagb-block-b3d27dce\">\n<div class=\"wp-block-uagb-info-box uagb-block-e13aceb2 uagb-infobox__content-wrap  uagb-infobox-icon-above-title uagb-infobox-image-valign-top\"><div class=\"uagb-ifb-content\"><div class=\"uagb-ifb-title-wrap\"><h3 class=\"uagb-ifb-title\">Explora nuestra extensa colecci\u00f3n de lentes de dise\u00f1ador al por mayor<\/h3><\/div><p class=\"uagb-ifb-desc\">Ofrecemos las marcas de dise\u00f1ador que tus clientes buscan, a precios que no encontrar\u00e1s en otro lugar. En OutletOptical, garantizamos calidad sin compromisos, ayud\u00e1ndote a mantener tu inventario siempre al d\u00eda sin afectar tu rentabilidad. Nuestro objetivo es que abastecer tu tienda sea f\u00e1cil, asequible y exitoso, con las marcas m\u00e1s populares del mercado.<\/p><\/div><\/div>\n<\/div>\n\n\n\n<div class=\"wp-block-uagb-container uagb-block-f146a47a\">\n<div class=\"wp-block-uagb-image alignleft uagb-block-ed7093fb wp-block-uagb-image--layout-default wp-block-uagb-image--effect-static wp-block-uagb-image--align-left\"><figure class=\"wp-block-uagb-image__figure\"><img decoding=\"async\" srcset=\"http:\/\/outletoptica.com\/wp-content\/uploads\/2024\/10\/imagen_2024-10-21_211433367.png ,http:\/\/outletoptica.com\/wp-content\/uploads\/2024\/10\/imagen_2024-10-21_211433367.png 780w, http:\/\/outletoptica.com\/wp-content\/uploads\/2024\/10\/imagen_2024-10-21_211433367.png 360w\" sizes=\"auto, (max-width: 480px) 150px\" src=\"http:\/\/outletoptica.com\/wp-content\/uploads\/2024\/10\/imagen_2024-10-21_211433367.png\" alt=\"\" class=\"uag-image-3895\" width=\"600\" height=\"450\" title=\"imagen_2024-10-21_211433367\" loading=\"lazy\" role=\"img\"\/><\/figure><\/div>\n<\/div>\n\n\n\n<div class=\"wp-block-uagb-container uagb-block-74b94260\">\n<div class=\"wp-block-uagb-info-box uagb-block-119724ee uagb-infobox__content-wrap  uagb-infobox-icon-above-title uagb-infobox-image-valign-top\"><div class=\"uagb-ifb-content\"><div class=\"uagb-ifb-title-wrap\"><h3 class=\"uagb-ifb-title\">Calidad Premium a Precios Mayoristas<\/h3><\/div><p class=\"uagb-ifb-desc\">En OutletOptical, trabajamos directamente con las marcas de dise\u00f1ador m\u00e1s reconocidas para ofrecerte productos de alta calidad a precios mayoristas. Abastece tu tienda con lo mejor sin comprometer tu margen de ganancia.<\/p><\/div><\/div>\n<\/div>\n\n\n\n<div class=\"wp-block-uagb-container uagb-block-1ef982cb\">\n<div class=\"wp-block-uagb-image alignleft uagb-block-3b76198c wp-block-uagb-image--layout-default wp-block-uagb-image--effect-static wp-block-uagb-image--align-left\"><figure class=\"wp-block-uagb-image__figure\"><img decoding=\"async\" srcset=\"http:\/\/outletoptica.com\/wp-content\/uploads\/2024\/10\/imagen_2024-10-21_211329330.png ,http:\/\/outletoptica.com\/wp-content\/uploads\/2024\/10\/imagen_2024-10-21_211329330.png 780w, http:\/\/outletoptica.com\/wp-content\/uploads\/2024\/10\/imagen_2024-10-21_211329330.png 360w\" sizes=\"auto, (max-width: 480px) 150px\" src=\"http:\/\/outletoptica.com\/wp-content\/uploads\/2024\/10\/imagen_2024-10-21_211329330.png\" alt=\"\" class=\"uag-image-3893\" width=\"600\" height=\"450\" title=\"imagen_2024-10-21_211329330\" loading=\"lazy\" role=\"img\"\/><\/figure><\/div>\n<\/div>\n\n\n\n<div class=\"wp-block-uagb-container uagb-block-0ca994ce\">\n<div class=\"wp-block-uagb-info-box uagb-block-cdee1d63 uagb-infobox__content-wrap  uagb-infobox-icon-above-title uagb-infobox-image-valign-top\"><div class=\"uagb-ifb-content\"><div class=\"uagb-ifb-title-wrap\"><h3 class=\"uagb-ifb-title\">Detalles que Marcan la Diferencia<\/h3><\/div><p class=\"uagb-ifb-desc\">Desde las monturas hasta las lentes, cada aspecto de nuestros productos refleja la precisi\u00f3n y el cuidado con los que han sido elaborados. Con acabados impecables y ajustes perfectos, ofrecemos lentes que combinan funcionalidad con est\u00e9tica.<\/p><\/div><\/div>\n<\/div>\n<\/div>\n<\/div><\/div>\n\n\n\n<div class=\"wp-block-uagb-container uagb-block-gnbp1fod alignfull uagb-is-root-container\"><div class=\"uagb-container-inner-blocks-wrap\">\n<div class=\"wp-block-uagb-info-box uagb-block-mzoii8mc uagb-infobox__content-wrap  uagb-infobox-icon-above-title uagb-infobox-image-valign-top\"><div class=\"uagb-ifb-content\"><div class=\"uagb-ifb-title-wrap\"><h2 class=\"uagb-ifb-title\">As\u00f3ciate con OutletOptica:<br>tu distribuidor de confianza de lentes de sol de dise\u00f1ador al por mayor<\/h2><\/div><\/div><\/div>\n\n\n\n<div class=\"wp-block-uagb-container uagb-block-eqf0aeao\">\n<div class=\"wp-block-uagb-container uagb-block-urzvfbai\">\n<div class=\"wp-block-uagb-info-box uagb-block-6aqz6n8k uagb-infobox__content-wrap  uagb-infobox-icon-above-title uagb-infobox-image-valign-top\"><div class=\"uagb-ifb-content\"><div class=\"uagb-ifb-icon-wrap\"><svg xmlns=\"https:\/\/www.w3.org\/2000\/svg\" viewBox=\"0 0 512 512\"><path d=\"M0 256C0 114.6 114.6 0 256 0C397.4 0 512 114.6 512 256C512 397.4 397.4 512 256 512C114.6 512 0 397.4 0 256zM371.8 211.8C382.7 200.9 382.7 183.1 371.8 172.2C360.9 161.3 343.1 161.3 332.2 172.2L224 280.4L179.8 236.2C168.9 225.3 151.1 225.3 140.2 236.2C129.3 247.1 129.3 264.9 140.2 275.8L204.2 339.8C215.1 350.7 232.9 350.7 243.8 339.8L371.8 211.8z\"><\/path><\/svg><\/div><div class=\"uagb-ifb-title-wrap\"><h5 class=\"uagb-ifb-title\">Hazte nuestro socio hoy<\/h5><\/div><p class=\"uagb-ifb-desc\"><br>Elegirnos para tus lentes de sol de dise\u00f1ador al por mayor te conecta con una asociaci\u00f3n enfocada en la calidad, variedad y satisfacci\u00f3n del cliente. Ofrecemos m\u00e1s que productos; proporcionamos soluciones que impulsan tu negocio hacia adelante. \u00danete a nuestra red de clientes satisfechos para todas tus necesidades de lentes de dise\u00f1ador.<\/p><\/div><\/div>\n<\/div>\n\n\n\n<div class=\"wp-block-uagb-container uagb-block-z8fxq5ya\">\n<div class=\"wp-block-uagb-info-box uagb-block-k7waio5h uagb-infobox__content-wrap  uagb-infobox-icon-above-title uagb-infobox-image-valign-top\"><div class=\"uagb-ifb-content\"><div class=\"uagb-ifb-icon-wrap\"><svg xmlns=\"https:\/\/www.w3.org\/2000\/svg\" viewBox=\"0 0 512 512\"><path d=\"M0 256C0 114.6 114.6 0 256 0C397.4 0 512 114.6 512 256C512 397.4 397.4 512 256 512C114.6 512 0 397.4 0 256zM371.8 211.8C382.7 200.9 382.7 183.1 371.8 172.2C360.9 161.3 343.1 161.3 332.2 172.2L224 280.4L179.8 236.2C168.9 225.3 151.1 225.3 140.2 236.2C129.3 247.1 129.3 264.9 140.2 275.8L204.2 339.8C215.1 350.7 232.9 350.7 243.8 339.8L371.8 211.8z\"><\/path><\/svg><\/div><div class=\"uagb-ifb-title-wrap\"><h5 class=\"uagb-ifb-title\">Accede a nuestra tienda B2B para ahorros inigualables<\/h5><\/div><p class=\"uagb-ifb-desc\"><br>Mejora tu selecci\u00f3n minorista con lujo a menor costo. Convertirte en socio de NYWD abre la puerta al acceso exclusivo a nuestra tienda B2B, donde ofrecemos una variedad de lentes de dise\u00f1ador al por mayor a precios competitivos. Nuestro proceso optimizado hace que ordenar sea eficiente y sencillo.<\/p><\/div><\/div>\n<\/div>\n\n\n\n<div class=\"wp-block-uagb-container uagb-block-1ceydzat\">\n<div class=\"wp-block-uagb-info-box uagb-block-ctnytmgi uagb-infobox__content-wrap  uagb-infobox-icon-above-title uagb-infobox-image-valign-top\"><div class=\"uagb-ifb-content\"><div class=\"uagb-ifb-icon-wrap\"><svg xmlns=\"https:\/\/www.w3.org\/2000\/svg\" viewBox=\"0 0 512 512\"><path d=\"M0 256C0 114.6 114.6 0 256 0C397.4 0 512 114.6 512 256C512 397.4 397.4 512 256 512C114.6 512 0 397.4 0 256zM371.8 211.8C382.7 200.9 382.7 183.1 371.8 172.2C360.9 161.3 343.1 161.3 332.2 172.2L224 280.4L179.8 236.2C168.9 225.3 151.1 225.3 140.2 236.2C129.3 247.1 129.3 264.9 140.2 275.8L204.2 339.8C215.1 350.7 232.9 350.7 243.8 339.8L371.8 211.8z\"><\/path><\/svg><\/div><div class=\"uagb-ifb-title-wrap\"><h5 class=\"uagb-ifb-title\">Compra lentes de sol al por mayor en l\u00ednea<\/h5><\/div><p class=\"uagb-ifb-desc\">A\u00f1ade marcas de dise\u00f1ador a tu colecci\u00f3n minorista sin gastar una fortuna. Incorporar estas marcas buscadas en tu mezcla minorista no solo atraer\u00e1 nuevos clientes, sino que tambi\u00e9n retendr\u00e1 a los existentes. Comienza a explorar nuestra selecci\u00f3n y desbloquea el potencial para un crecimiento empresarial sin precedentes.<\/p><\/div><\/div>\n<\/div>\n<\/div>\n<\/div><\/div>\n","protected":false},"excerpt":{"rendered":"<p>\u2022 100+ Marcas de Dise\u00f1ador\u2022 Directamente del Fabricante\u2022 Autenticidad Garantizada Explora nuestra amplia selecci\u00f3n de lentes al por mayor y lleva el \u00e9xito de tu tienda al siguiente nivel. \u2022 100+ Marcas de Dise\u00f1ador\u2022 Directamente del Fabricante\u2022 Autenticidad Garantizada Explora nuestra amplia selecci\u00f3n de lentes al por mayor y lleva el \u00e9xito de tu tienda [&hellip;]<\/p>\n","protected":false},"author":1,"featured_media":0,"parent":0,"menu_order":0,"comment_status":"closed","ping_status":"closed","template":"","meta":{"_acf_changed":false,"_uag_custom_page_level_css":"","site-sidebar-layout":"no-sidebar","site-content-layout":"","ast-site-content-layout":"full-width-container","site-content-style":"default","site-sidebar-style":"default","ast-global-header-display":"","ast-banner-title-visibility":"","ast-main-header-display":"","ast-hfb-above-header-display":"","ast-hfb-below-header-display":"","ast-hfb-mobile-header-display":"","site-post-title":"disabled","ast-breadcrumbs-content":"","ast-featured-img":"","footer-sml-layout":"","ast-disable-related-posts":"","theme-transparent-header-meta":"","adv-header-id-meta":"","stick-header-meta":"","header-above-stick-meta":"","header-main-stick-meta":"","header-below-stick-meta":"","astra-migrate-meta-layouts":"set","ast-page-background-enabled":"default","ast-page-background-meta":{"desktop":{"background-color":"var(--ast-global-color-4)","background-image":"","background-repeat":"repeat","background-position":"center center","background-size":"auto","background-attachment":"scroll","background-type":"","background-media":"","overlay-type":"","overlay-color":"","overlay-opacity":"","overlay-gradient":""},"tablet":{"background-color":"","background-image":"","background-repeat":"repeat","background-position":"center center","background-size":"auto","background-attachment":"scroll","background-type":"","background-media":"","overlay-type":"","overlay-color":"","overlay-opacity":"","overlay-gradient":""},"mobile":{"background-color":"","background-image":"","background-repeat":"repeat","background-position":"center center","background-size":"auto","background-attachment":"scroll","background-type":"","background-media":"","overlay-type":"","overlay-color":"","overlay-opacity":"","overlay-gradient":""}},"ast-content-background-meta":{"desktop":{"background-color":"var(--ast-global-color-5)","background-image":"","background-repeat":"repeat","background-position":"center center","background-size":"auto","background-attachment":"scroll","background-type":"","background-media":"","overlay-type":"","overlay-color":"","overlay-opacity":"","overlay-gradient":""},"tablet":{"background-color":"var(--ast-global-color-5)","background-image":"","background-repeat":"repeat","background-position":"center center","background-size":"auto","background-attachment":"scroll","background-type":"","background-media":"","overlay-type":"","overlay-color":"","overlay-opacity":"","overlay-gradient":""},"mobile":{"background-color":"var(--ast-global-color-5)","background-image":"","background-repeat":"repeat","background-position":"center center","background-size":"auto","background-attachment":"scroll","background-type":"","background-media":"","overlay-type":"","overlay-color":"","overlay-opacity":"","overlay-gradient":""}},"footnotes":""},"class_list":["post-3877","page","type-page","status-publish","hentry"],"acf":[],"uagb_featured_image_src":{"full":false,"thumbnail":false,"medium":false,"medium_large":false,"large":false,"1536x1536":false,"2048x2048":false,"trp-custom-language-flag":false,"woocommerce_thumbnail":false,"woocommerce_single":false,"woocommerce_gallery_thumbnail":false},"uagb_author_info":{"display_name":"admin","author_link":"http:\/\/outletoptica.com\/es\/author\/admin\/"},"uagb_comment_info":0,"uagb_excerpt":"\u2022 100+ Marcas de Dise\u00f1ador\u2022 Directamente del Fabricante\u2022 Autenticidad Garantizada Explora nuestra amplia selecci\u00f3n de lentes al por mayor y lleva el \u00e9xito de tu tienda al siguiente nivel. \u2022 100+ Marcas de Dise\u00f1ador\u2022 Directamente del Fabricante\u2022 Autenticidad Garantizada Explora nuestra amplia selecci\u00f3n de lentes al por mayor y lleva el \u00e9xito de tu tienda&hellip;","_links":{"self":[{"href":"http:\/\/outletoptica.com\/es\/wp-json\/wp\/v2\/pages\/3877","targetHints":{"allow":["GET"]}}],"collection":[{"href":"http:\/\/outletoptica.com\/es\/wp-json\/wp\/v2\/pages"}],"about":[{"href":"http:\/\/outletoptica.com\/es\/wp-json\/wp\/v2\/types\/page"}],"author":[{"embeddable":true,"href":"http:\/\/outletoptica.com\/es\/wp-json\/wp\/v2\/users\/1"}],"replies":[{"embeddable":true,"href":"http:\/\/outletoptica.com\/es\/wp-json\/wp\/v2\/comments?post=3877"}],"version-history":[{"count":17,"href":"http:\/\/outletoptica.com\/es\/wp-json\/wp\/v2\/pages\/3877\/revisions"}],"predecessor-version":[{"id":4030,"href":"http:\/\/outletoptica.com\/es\/wp-json\/wp\/v2\/pages\/3877\/revisions\/4030"}],"wp:attachment":[{"href":"http:\/\/outletoptica.com\/es\/wp-json\/wp\/v2\/media?parent=3877"}],"curies":[{"name":"wp","href":"https:\/\/api.w.org\/{rel}","templated":true}]}}